{"id":56801,"date":"2024-12-08T15:09:19","date_gmt":"2024-12-08T15:09:19","guid":{"rendered":"http:\/\/saaremaazoo.ee\/?post_type=product&#038;p=56801"},"modified":"2024-12-08T15:16:59","modified_gmt":"2024-12-08T15:16:59","slug":"eksootiliste-loomade-maja","status":"publish","type":"product","link":"https:\/\/www.saaremaazoo.ee\/en\/toode\/eksootiliste-loomade-maja\/","title":{"rendered":"Eksootiliste loomade maja."},"content":{"rendered":"<p>Eksootiliste loomade maja meil hetkel k\u00fcll p\u00e4riselt olemas ei ole aga oma peas oleme sellele koha v\u00e4lja valinud ja maja suuruseks tuleb 32m2. Eksootiliste loomade maja saab olema t\u00e4is \u00fcllatusi, sest millistele loomadele seda planeerime ei taha me veel v\u00e4lja lobiseda. Kes meid rohkem j\u00e4lgivad, oskavad juba kindlasti aimata. Lubame, et see saab olema p\u00f5nev ja avastuste rohke nii suurtele kui v\u00e4ikestele.<\/p>\n","protected":false},"excerpt":{"rendered":"<p>Eksootiliste loomade maja meil hetkel k\u00fcll p\u00e4riselt olemas ei ole aga oma peas oleme sellele koha v\u00e4lja valinud ja maja suuruseks tuleb 32m2. Eksootiliste loomade maja saab olema t\u00e4is \u00fcllatusi,&hellip;<\/p>\n","protected":false},"featured_media":56922,"comment_status":"open","ping_status":"closed","template":"","meta":{"_acf_changed":false},"product_brand":[],"product_cat":[280],"product_tag":[],"class_list":{"0":"post-56801","1":"product","2":"type-product","3":"status-publish","4":"has-post-thumbnail","6":"product_cat-tukike-loomaaeda","8":"first","9":"instock","10":"virtual","11":"purchasable","12":"product-type-simple"},"acf":[],"yoast_head":"<!-- This site is optimized with the Yoast SEO plugin v27.4 - https:\/\/yoast.com\/product\/yoast-seo-wordpress\/ -->\n<title>Eksootiliste loomade maja. - Saaremaa Zoo<\/title>\n<meta name=\"robots\" content=\"index, follow, max-snippet:-1, max-image-preview:large, max-video-preview:-1\" \/>\n<link rel=\"canonical\" href=\"https:\/\/www.saaremaazoo.ee\/en\/toode\/eksootiliste-loomade-maja\/\" \/>\n<meta property=\"og:locale\" content=\"en_US\" \/>\n<meta property=\"og:type\" content=\"article\" \/>\n<meta property=\"og:title\" content=\"Eksootiliste loomade maja. - Saaremaa Zoo\" \/>\n<meta property=\"og:description\" content=\"Eksootiliste loomade maja meil hetkel k\u00fcll p\u00e4riselt olemas ei ole aga oma peas oleme sellele koha v\u00e4lja valinud ja maja suuruseks tuleb 32m2. Eksootiliste loomade maja saab olema t\u00e4is \u00fcllatusi,&hellip;\" \/>\n<meta property=\"og:url\" content=\"https:\/\/www.saaremaazoo.ee\/en\/toode\/eksootiliste-loomade-maja\/\" \/>\n<meta property=\"og:site_name\" content=\"Saaremaa Zoo\" \/>\n<meta property=\"article:publisher\" content=\"https:\/\/www.facebook.com\/saaremaazoo\" \/>\n<meta property=\"article:modified_time\" content=\"2024-12-08T15:16:59+00:00\" \/>\n<meta property=\"og:image\" content=\"https:\/\/www.saaremaazoo.ee\/wp-content\/uploads\/2024\/12\/Green-Chameleon-Lizard-Exotic-Pet-Lover-T-shirt-e1673622583922.png\" \/>\n\t<meta property=\"og:image:width\" content=\"1555\" \/>\n\t<meta property=\"og:image:height\" content=\"1620\" \/>\n\t<meta property=\"og:image:type\" content=\"image\/png\" \/>\n<meta name=\"twitter:card\" content=\"summary_large_image\" \/>\n<meta name=\"twitter:label1\" content=\"Est. reading time\" \/>\n\t<meta name=\"twitter:data1\" content=\"1 minute\" \/>\n<script type=\"application\/ld+json\" class=\"yoast-schema-graph\">{\"@context\":\"https:\\\/\\\/schema.org\",\"@graph\":[{\"@type\":\"WebPage\",\"@id\":\"https:\\\/\\\/www.saaremaazoo.ee\\\/en\\\/toode\\\/eksootiliste-loomade-maja\\\/\",\"url\":\"https:\\\/\\\/www.saaremaazoo.ee\\\/en\\\/toode\\\/eksootiliste-loomade-maja\\\/\",\"name\":\"Eksootiliste loomade maja. - Saaremaa Zoo\",\"isPartOf\":{\"@id\":\"https:\\\/\\\/www.saaremaazoo.ee\\\/en\\\/#website\"},\"primaryImageOfPage\":{\"@id\":\"https:\\\/\\\/www.saaremaazoo.ee\\\/en\\\/toode\\\/eksootiliste-loomade-maja\\\/#primaryimage\"},\"image\":{\"@id\":\"https:\\\/\\\/www.saaremaazoo.ee\\\/en\\\/toode\\\/eksootiliste-loomade-maja\\\/#primaryimage\"},\"thumbnailUrl\":\"https:\\\/\\\/www.saaremaazoo.ee\\\/wp-content\\\/uploads\\\/2024\\\/12\\\/Green-Chameleon-Lizard-Exotic-Pet-Lover-T-shirt-e1673622583922.png\",\"datePublished\":\"2024-12-08T15:09:19+00:00\",\"dateModified\":\"2024-12-08T15:16:59+00:00\",\"breadcrumb\":{\"@id\":\"https:\\\/\\\/www.saaremaazoo.ee\\\/en\\\/toode\\\/eksootiliste-loomade-maja\\\/#breadcrumb\"},\"inLanguage\":\"en-US\",\"potentialAction\":[{\"@type\":\"ReadAction\",\"target\":[\"https:\\\/\\\/www.saaremaazoo.ee\\\/en\\\/toode\\\/eksootiliste-loomade-maja\\\/\"]}]},{\"@type\":\"ImageObject\",\"inLanguage\":\"en-US\",\"@id\":\"https:\\\/\\\/www.saaremaazoo.ee\\\/en\\\/toode\\\/eksootiliste-loomade-maja\\\/#primaryimage\",\"url\":\"https:\\\/\\\/www.saaremaazoo.ee\\\/wp-content\\\/uploads\\\/2024\\\/12\\\/Green-Chameleon-Lizard-Exotic-Pet-Lover-T-shirt-e1673622583922.png\",\"contentUrl\":\"https:\\\/\\\/www.saaremaazoo.ee\\\/wp-content\\\/uploads\\\/2024\\\/12\\\/Green-Chameleon-Lizard-Exotic-Pet-Lover-T-shirt-e1673622583922.png\",\"width\":1555,\"height\":1620},{\"@type\":\"BreadcrumbList\",\"@id\":\"https:\\\/\\\/www.saaremaazoo.ee\\\/en\\\/toode\\\/eksootiliste-loomade-maja\\\/#breadcrumb\",\"itemListElement\":[{\"@type\":\"ListItem\",\"position\":1,\"name\":\"Home\",\"item\":\"https:\\\/\\\/www.saaremaazoo.ee\\\/en\\\/\"},{\"@type\":\"ListItem\",\"position\":2,\"name\":\"Pood\",\"item\":\"https:\\\/\\\/saaremaazoo.ee\\\/en\\\/shop\\\/\"},{\"@type\":\"ListItem\",\"position\":3,\"name\":\"Eksootiliste loomade maja.\"}]},{\"@type\":\"WebSite\",\"@id\":\"https:\\\/\\\/www.saaremaazoo.ee\\\/en\\\/#website\",\"url\":\"https:\\\/\\\/www.saaremaazoo.ee\\\/en\\\/\",\"name\":\"Saaremaa Zoo\",\"description\":\"Saaremaa esimene Loomaaed\",\"publisher\":{\"@id\":\"https:\\\/\\\/www.saaremaazoo.ee\\\/en\\\/#organization\"},\"potentialAction\":[{\"@type\":\"SearchAction\",\"target\":{\"@type\":\"EntryPoint\",\"urlTemplate\":\"https:\\\/\\\/www.saaremaazoo.ee\\\/en\\\/?s={search_term_string}\"},\"query-input\":{\"@type\":\"PropertyValueSpecification\",\"valueRequired\":true,\"valueName\":\"search_term_string\"}}],\"inLanguage\":\"en-US\"},{\"@type\":\"Organization\",\"@id\":\"https:\\\/\\\/www.saaremaazoo.ee\\\/en\\\/#organization\",\"name\":\"Saaremaa Loomaaed\",\"alternateName\":\"Saaremaa Zoo\",\"url\":\"https:\\\/\\\/www.saaremaazoo.ee\\\/en\\\/\",\"logo\":{\"@type\":\"ImageObject\",\"inLanguage\":\"en-US\",\"@id\":\"https:\\\/\\\/www.saaremaazoo.ee\\\/en\\\/#\\\/schema\\\/logo\\\/image\\\/\",\"url\":\"https:\\\/\\\/www.saaremaazoo.ee\\\/wp-content\\\/uploads\\\/2024\\\/12\\\/cropped-cropped-saaremaazoo_magnet_leemur__1__page-0001-removebg-preview.png\",\"contentUrl\":\"https:\\\/\\\/www.saaremaazoo.ee\\\/wp-content\\\/uploads\\\/2024\\\/12\\\/cropped-cropped-saaremaazoo_magnet_leemur__1__page-0001-removebg-preview.png\",\"width\":467,\"height\":325,\"caption\":\"Saaremaa Loomaaed\"},\"image\":{\"@id\":\"https:\\\/\\\/www.saaremaazoo.ee\\\/en\\\/#\\\/schema\\\/logo\\\/image\\\/\"},\"sameAs\":[\"https:\\\/\\\/www.facebook.com\\\/saaremaazoo\",\"https:\\\/\\\/www.instagram.com\\\/saaremaazoo\\\/\"]}]}<\/script>\n<!-- \/ Yoast SEO plugin. -->","yoast_head_json":{"title":"Eksootiliste loomade maja. - Saaremaa Zoo","robots":{"index":"index","follow":"follow","max-snippet":"max-snippet:-1","max-image-preview":"max-image-preview:large","max-video-preview":"max-video-preview:-1"},"canonical":"https:\/\/www.saaremaazoo.ee\/en\/toode\/eksootiliste-loomade-maja\/","og_locale":"en_US","og_type":"article","og_title":"Eksootiliste loomade maja. - Saaremaa Zoo","og_description":"Eksootiliste loomade maja meil hetkel k\u00fcll p\u00e4riselt olemas ei ole aga oma peas oleme sellele koha v\u00e4lja valinud ja maja suuruseks tuleb 32m2. Eksootiliste loomade maja saab olema t\u00e4is \u00fcllatusi,&hellip;","og_url":"https:\/\/www.saaremaazoo.ee\/en\/toode\/eksootiliste-loomade-maja\/","og_site_name":"Saaremaa Zoo","article_publisher":"https:\/\/www.facebook.com\/saaremaazoo","article_modified_time":"2024-12-08T15:16:59+00:00","og_image":[{"width":1555,"height":1620,"url":"https:\/\/www.saaremaazoo.ee\/wp-content\/uploads\/2024\/12\/Green-Chameleon-Lizard-Exotic-Pet-Lover-T-shirt-e1673622583922.png","type":"image\/png"}],"twitter_card":"summary_large_image","twitter_misc":{"Est. reading time":"1 minute"},"schema":{"@context":"https:\/\/schema.org","@graph":[{"@type":"WebPage","@id":"https:\/\/www.saaremaazoo.ee\/en\/toode\/eksootiliste-loomade-maja\/","url":"https:\/\/www.saaremaazoo.ee\/en\/toode\/eksootiliste-loomade-maja\/","name":"Eksootiliste loomade maja. - Saaremaa Zoo","isPartOf":{"@id":"https:\/\/www.saaremaazoo.ee\/en\/#website"},"primaryImageOfPage":{"@id":"https:\/\/www.saaremaazoo.ee\/en\/toode\/eksootiliste-loomade-maja\/#primaryimage"},"image":{"@id":"https:\/\/www.saaremaazoo.ee\/en\/toode\/eksootiliste-loomade-maja\/#primaryimage"},"thumbnailUrl":"https:\/\/www.saaremaazoo.ee\/wp-content\/uploads\/2024\/12\/Green-Chameleon-Lizard-Exotic-Pet-Lover-T-shirt-e1673622583922.png","datePublished":"2024-12-08T15:09:19+00:00","dateModified":"2024-12-08T15:16:59+00:00","breadcrumb":{"@id":"https:\/\/www.saaremaazoo.ee\/en\/toode\/eksootiliste-loomade-maja\/#breadcrumb"},"inLanguage":"en-US","potentialAction":[{"@type":"ReadAction","target":["https:\/\/www.saaremaazoo.ee\/en\/toode\/eksootiliste-loomade-maja\/"]}]},{"@type":"ImageObject","inLanguage":"en-US","@id":"https:\/\/www.saaremaazoo.ee\/en\/toode\/eksootiliste-loomade-maja\/#primaryimage","url":"https:\/\/www.saaremaazoo.ee\/wp-content\/uploads\/2024\/12\/Green-Chameleon-Lizard-Exotic-Pet-Lover-T-shirt-e1673622583922.png","contentUrl":"https:\/\/www.saaremaazoo.ee\/wp-content\/uploads\/2024\/12\/Green-Chameleon-Lizard-Exotic-Pet-Lover-T-shirt-e1673622583922.png","width":1555,"height":1620},{"@type":"BreadcrumbList","@id":"https:\/\/www.saaremaazoo.ee\/en\/toode\/eksootiliste-loomade-maja\/#breadcrumb","itemListElement":[{"@type":"ListItem","position":1,"name":"Home","item":"https:\/\/www.saaremaazoo.ee\/en\/"},{"@type":"ListItem","position":2,"name":"Pood","item":"https:\/\/saaremaazoo.ee\/en\/shop\/"},{"@type":"ListItem","position":3,"name":"Eksootiliste loomade maja."}]},{"@type":"WebSite","@id":"https:\/\/www.saaremaazoo.ee\/en\/#website","url":"https:\/\/www.saaremaazoo.ee\/en\/","name":"Saaremaa Zoo","description":"Saaremaa esimene Loomaaed","publisher":{"@id":"https:\/\/www.saaremaazoo.ee\/en\/#organization"},"potentialAction":[{"@type":"SearchAction","target":{"@type":"EntryPoint","urlTemplate":"https:\/\/www.saaremaazoo.ee\/en\/?s={search_term_string}"},"query-input":{"@type":"PropertyValueSpecification","valueRequired":true,"valueName":"search_term_string"}}],"inLanguage":"en-US"},{"@type":"Organization","@id":"https:\/\/www.saaremaazoo.ee\/en\/#organization","name":"Saaremaa Loomaaed","alternateName":"Saaremaa Zoo","url":"https:\/\/www.saaremaazoo.ee\/en\/","logo":{"@type":"ImageObject","inLanguage":"en-US","@id":"https:\/\/www.saaremaazoo.ee\/en\/#\/schema\/logo\/image\/","url":"https:\/\/www.saaremaazoo.ee\/wp-content\/uploads\/2024\/12\/cropped-cropped-saaremaazoo_magnet_leemur__1__page-0001-removebg-preview.png","contentUrl":"https:\/\/www.saaremaazoo.ee\/wp-content\/uploads\/2024\/12\/cropped-cropped-saaremaazoo_magnet_leemur__1__page-0001-removebg-preview.png","width":467,"height":325,"caption":"Saaremaa Loomaaed"},"image":{"@id":"https:\/\/www.saaremaazoo.ee\/en\/#\/schema\/logo\/image\/"},"sameAs":["https:\/\/www.facebook.com\/saaremaazoo","https:\/\/www.instagram.com\/saaremaazoo\/"]}]}},"jetpack_sharing_enabled":true,"_links":{"self":[{"href":"https:\/\/www.saaremaazoo.ee\/en\/wp-json\/wp\/v2\/product\/56801","targetHints":{"allow":["GET"]}}],"collection":[{"href":"https:\/\/www.saaremaazoo.ee\/en\/wp-json\/wp\/v2\/product"}],"about":[{"href":"https:\/\/www.saaremaazoo.ee\/en\/wp-json\/wp\/v2\/types\/product"}],"replies":[{"embeddable":true,"href":"https:\/\/www.saaremaazoo.ee\/en\/wp-json\/wp\/v2\/comments?post=56801"}],"wp:featuredmedia":[{"embeddable":true,"href":"https:\/\/www.saaremaazoo.ee\/en\/wp-json\/wp\/v2\/media\/56922"}],"wp:attachment":[{"href":"https:\/\/www.saaremaazoo.ee\/en\/wp-json\/wp\/v2\/media?parent=56801"}],"wp:term":[{"taxonomy":"product_brand","embeddable":true,"href":"https:\/\/www.saaremaazoo.ee\/en\/wp-json\/wp\/v2\/product_brand?post=56801"},{"taxonomy":"product_cat","embeddable":true,"href":"https:\/\/www.saaremaazoo.ee\/en\/wp-json\/wp\/v2\/product_cat?post=56801"},{"taxonomy":"product_tag","embeddable":true,"href":"https:\/\/www.saaremaazoo.ee\/en\/wp-json\/wp\/v2\/product_tag?post=56801"}],"curies":[{"name":"wp","href":"https:\/\/api.w.org\/{rel}","templated":true}]}}