{"id":56811,"date":"2024-12-08T15:09:57","date_gmt":"2024-12-08T15:09:57","guid":{"rendered":"http:\/\/saaremaazoo.ee\/?post_type=product&#038;p=56811"},"modified":"2024-12-08T15:17:32","modified_gmt":"2024-12-08T15:17:32","slug":"linnuala-ehk-pardiaed","status":"publish","type":"product","link":"https:\/\/www.saaremaazoo.ee\/en\/toode\/linnuala-ehk-pardiaed\/","title":{"rendered":"Linnuala ehk pardiaed."},"content":{"rendered":"<p>Linnuala on meie k\u00f5ige esimene aed. Pardiaia suurus on 50m2. Linnualas on suur parditiik, kus sulistavad koos partidega ka erinevad haned.\u00a0 Parditiigi kaldal asub kohvik PART, kust saab soetada head paremat ka linnualas ringi toimetavatele lindudele. Tiigi kaldal saad m\u00f5nusalt aega nautida ja kohvi juures linde vaadelda. Pardiaias saab iga\u00fcks \u00fcle hirmudest, paitada ja s\u00f6\u00f6ta linde k\u00e4est ning lahkudes on naeratus n\u00e4ol garanteeritud.\u00a0 Linnuala k\u00fclastades kohtad sa 9.sat erinevat liiki parti ja 4ja erinevat hane. K\u00fclalistest tunnevad k\u00f5ige rohkem r\u00f5\u00f5mu muskuspardid, keda ise kutsume musudeks. Nemad tulevad kohe vastu ja kontrollivad, et s\u00f6\u00f6da topsikene oleks kindlasti kaasas.<\/p>\n","protected":false},"excerpt":{"rendered":"<p>Linnuala on meie k\u00f5ige esimene aed. Pardiaia suurus on 50m2. Linnualas on suur parditiik, kus sulistavad koos partidega ka erinevad haned.\u00a0 Parditiigi kaldal asub kohvik PART, kust saab soetada head&hellip;<\/p>\n","protected":false},"featured_media":56932,"comment_status":"open","ping_status":"closed","template":"","meta":{"_acf_changed":false},"product_brand":[],"product_cat":[280],"product_tag":[],"class_list":{"0":"post-56811","1":"product","2":"type-product","3":"status-publish","4":"has-post-thumbnail","6":"product_cat-tukike-loomaaeda","8":"first","9":"instock","10":"virtual","11":"purchasable","12":"product-type-simple"},"acf":[],"yoast_head":"<!-- This site is optimized with the Yoast SEO plugin v27.4 - https:\/\/yoast.com\/product\/yoast-seo-wordpress\/ -->\n<title>Linnuala ehk pardiaed. - Saaremaa Zoo<\/title>\n<meta name=\"robots\" content=\"index, follow, max-snippet:-1, max-image-preview:large, max-video-preview:-1\" \/>\n<link rel=\"canonical\" href=\"https:\/\/www.saaremaazoo.ee\/en\/toode\/linnuala-ehk-pardiaed\/\" \/>\n<meta property=\"og:locale\" content=\"en_US\" \/>\n<meta property=\"og:type\" content=\"article\" \/>\n<meta property=\"og:title\" content=\"Linnuala ehk pardiaed. - Saaremaa Zoo\" \/>\n<meta property=\"og:description\" content=\"Linnuala on meie k\u00f5ige esimene aed. Pardiaia suurus on 50m2. Linnualas on suur parditiik, kus sulistavad koos partidega ka erinevad haned.\u00a0 Parditiigi kaldal asub kohvik PART, kust saab soetada head&hellip;\" \/>\n<meta property=\"og:url\" content=\"https:\/\/www.saaremaazoo.ee\/en\/toode\/linnuala-ehk-pardiaed\/\" \/>\n<meta property=\"og:site_name\" content=\"Saaremaa Zoo\" \/>\n<meta property=\"article:publisher\" content=\"https:\/\/www.facebook.com\/saaremaazoo\" \/>\n<meta property=\"article:modified_time\" content=\"2024-12-08T15:17:32+00:00\" \/>\n<meta property=\"og:image\" content=\"https:\/\/www.saaremaazoo.ee\/wp-content\/uploads\/2024\/12\/W2A5293v.jpg\" \/>\n\t<meta property=\"og:image:width\" content=\"1613\" \/>\n\t<meta property=\"og:image:height\" content=\"1075\" \/>\n\t<meta property=\"og:image:type\" content=\"image\/jpeg\" \/>\n<meta name=\"twitter:card\" content=\"summary_large_image\" \/>\n<meta name=\"twitter:label1\" content=\"Est. reading time\" \/>\n\t<meta name=\"twitter:data1\" content=\"1 minute\" \/>\n<script type=\"application\/ld+json\" class=\"yoast-schema-graph\">{\"@context\":\"https:\\\/\\\/schema.org\",\"@graph\":[{\"@type\":\"WebPage\",\"@id\":\"https:\\\/\\\/www.saaremaazoo.ee\\\/en\\\/toode\\\/linnuala-ehk-pardiaed\\\/\",\"url\":\"https:\\\/\\\/www.saaremaazoo.ee\\\/en\\\/toode\\\/linnuala-ehk-pardiaed\\\/\",\"name\":\"Linnuala ehk pardiaed. - Saaremaa Zoo\",\"isPartOf\":{\"@id\":\"https:\\\/\\\/www.saaremaazoo.ee\\\/en\\\/#website\"},\"primaryImageOfPage\":{\"@id\":\"https:\\\/\\\/www.saaremaazoo.ee\\\/en\\\/toode\\\/linnuala-ehk-pardiaed\\\/#primaryimage\"},\"image\":{\"@id\":\"https:\\\/\\\/www.saaremaazoo.ee\\\/en\\\/toode\\\/linnuala-ehk-pardiaed\\\/#primaryimage\"},\"thumbnailUrl\":\"https:\\\/\\\/www.saaremaazoo.ee\\\/wp-content\\\/uploads\\\/2024\\\/12\\\/W2A5293v.jpg\",\"datePublished\":\"2024-12-08T15:09:57+00:00\",\"dateModified\":\"2024-12-08T15:17:32+00:00\",\"breadcrumb\":{\"@id\":\"https:\\\/\\\/www.saaremaazoo.ee\\\/en\\\/toode\\\/linnuala-ehk-pardiaed\\\/#breadcrumb\"},\"inLanguage\":\"en-US\",\"potentialAction\":[{\"@type\":\"ReadAction\",\"target\":[\"https:\\\/\\\/www.saaremaazoo.ee\\\/en\\\/toode\\\/linnuala-ehk-pardiaed\\\/\"]}]},{\"@type\":\"ImageObject\",\"inLanguage\":\"en-US\",\"@id\":\"https:\\\/\\\/www.saaremaazoo.ee\\\/en\\\/toode\\\/linnuala-ehk-pardiaed\\\/#primaryimage\",\"url\":\"https:\\\/\\\/www.saaremaazoo.ee\\\/wp-content\\\/uploads\\\/2024\\\/12\\\/W2A5293v.jpg\",\"contentUrl\":\"https:\\\/\\\/www.saaremaazoo.ee\\\/wp-content\\\/uploads\\\/2024\\\/12\\\/W2A5293v.jpg\",\"width\":1613,\"height\":1075},{\"@type\":\"BreadcrumbList\",\"@id\":\"https:\\\/\\\/www.saaremaazoo.ee\\\/en\\\/toode\\\/linnuala-ehk-pardiaed\\\/#breadcrumb\",\"itemListElement\":[{\"@type\":\"ListItem\",\"position\":1,\"name\":\"Home\",\"item\":\"https:\\\/\\\/www.saaremaazoo.ee\\\/en\\\/\"},{\"@type\":\"ListItem\",\"position\":2,\"name\":\"Pood\",\"item\":\"https:\\\/\\\/saaremaazoo.ee\\\/en\\\/shop\\\/\"},{\"@type\":\"ListItem\",\"position\":3,\"name\":\"Linnuala ehk pardiaed.\"}]},{\"@type\":\"WebSite\",\"@id\":\"https:\\\/\\\/www.saaremaazoo.ee\\\/en\\\/#website\",\"url\":\"https:\\\/\\\/www.saaremaazoo.ee\\\/en\\\/\",\"name\":\"Saaremaa Zoo\",\"description\":\"Saaremaa esimene Loomaaed\",\"publisher\":{\"@id\":\"https:\\\/\\\/www.saaremaazoo.ee\\\/en\\\/#organization\"},\"potentialAction\":[{\"@type\":\"SearchAction\",\"target\":{\"@type\":\"EntryPoint\",\"urlTemplate\":\"https:\\\/\\\/www.saaremaazoo.ee\\\/en\\\/?s={search_term_string}\"},\"query-input\":{\"@type\":\"PropertyValueSpecification\",\"valueRequired\":true,\"valueName\":\"search_term_string\"}}],\"inLanguage\":\"en-US\"},{\"@type\":\"Organization\",\"@id\":\"https:\\\/\\\/www.saaremaazoo.ee\\\/en\\\/#organization\",\"name\":\"Saaremaa Loomaaed\",\"alternateName\":\"Saaremaa Zoo\",\"url\":\"https:\\\/\\\/www.saaremaazoo.ee\\\/en\\\/\",\"logo\":{\"@type\":\"ImageObject\",\"inLanguage\":\"en-US\",\"@id\":\"https:\\\/\\\/www.saaremaazoo.ee\\\/en\\\/#\\\/schema\\\/logo\\\/image\\\/\",\"url\":\"https:\\\/\\\/www.saaremaazoo.ee\\\/wp-content\\\/uploads\\\/2024\\\/12\\\/cropped-cropped-saaremaazoo_magnet_leemur__1__page-0001-removebg-preview.png\",\"contentUrl\":\"https:\\\/\\\/www.saaremaazoo.ee\\\/wp-content\\\/uploads\\\/2024\\\/12\\\/cropped-cropped-saaremaazoo_magnet_leemur__1__page-0001-removebg-preview.png\",\"width\":467,\"height\":325,\"caption\":\"Saaremaa Loomaaed\"},\"image\":{\"@id\":\"https:\\\/\\\/www.saaremaazoo.ee\\\/en\\\/#\\\/schema\\\/logo\\\/image\\\/\"},\"sameAs\":[\"https:\\\/\\\/www.facebook.com\\\/saaremaazoo\",\"https:\\\/\\\/www.instagram.com\\\/saaremaazoo\\\/\"]}]}<\/script>\n<!-- \/ Yoast SEO plugin. -->","yoast_head_json":{"title":"Linnuala ehk pardiaed. - Saaremaa Zoo","robots":{"index":"index","follow":"follow","max-snippet":"max-snippet:-1","max-image-preview":"max-image-preview:large","max-video-preview":"max-video-preview:-1"},"canonical":"https:\/\/www.saaremaazoo.ee\/en\/toode\/linnuala-ehk-pardiaed\/","og_locale":"en_US","og_type":"article","og_title":"Linnuala ehk pardiaed. - Saaremaa Zoo","og_description":"Linnuala on meie k\u00f5ige esimene aed. Pardiaia suurus on 50m2. Linnualas on suur parditiik, kus sulistavad koos partidega ka erinevad haned.\u00a0 Parditiigi kaldal asub kohvik PART, kust saab soetada head&hellip;","og_url":"https:\/\/www.saaremaazoo.ee\/en\/toode\/linnuala-ehk-pardiaed\/","og_site_name":"Saaremaa Zoo","article_publisher":"https:\/\/www.facebook.com\/saaremaazoo","article_modified_time":"2024-12-08T15:17:32+00:00","og_image":[{"width":1613,"height":1075,"url":"https:\/\/www.saaremaazoo.ee\/wp-content\/uploads\/2024\/12\/W2A5293v.jpg","type":"image\/jpeg"}],"twitter_card":"summary_large_image","twitter_misc":{"Est. reading time":"1 minute"},"schema":{"@context":"https:\/\/schema.org","@graph":[{"@type":"WebPage","@id":"https:\/\/www.saaremaazoo.ee\/en\/toode\/linnuala-ehk-pardiaed\/","url":"https:\/\/www.saaremaazoo.ee\/en\/toode\/linnuala-ehk-pardiaed\/","name":"Linnuala ehk pardiaed. - Saaremaa Zoo","isPartOf":{"@id":"https:\/\/www.saaremaazoo.ee\/en\/#website"},"primaryImageOfPage":{"@id":"https:\/\/www.saaremaazoo.ee\/en\/toode\/linnuala-ehk-pardiaed\/#primaryimage"},"image":{"@id":"https:\/\/www.saaremaazoo.ee\/en\/toode\/linnuala-ehk-pardiaed\/#primaryimage"},"thumbnailUrl":"https:\/\/www.saaremaazoo.ee\/wp-content\/uploads\/2024\/12\/W2A5293v.jpg","datePublished":"2024-12-08T15:09:57+00:00","dateModified":"2024-12-08T15:17:32+00:00","breadcrumb":{"@id":"https:\/\/www.saaremaazoo.ee\/en\/toode\/linnuala-ehk-pardiaed\/#breadcrumb"},"inLanguage":"en-US","potentialAction":[{"@type":"ReadAction","target":["https:\/\/www.saaremaazoo.ee\/en\/toode\/linnuala-ehk-pardiaed\/"]}]},{"@type":"ImageObject","inLanguage":"en-US","@id":"https:\/\/www.saaremaazoo.ee\/en\/toode\/linnuala-ehk-pardiaed\/#primaryimage","url":"https:\/\/www.saaremaazoo.ee\/wp-content\/uploads\/2024\/12\/W2A5293v.jpg","contentUrl":"https:\/\/www.saaremaazoo.ee\/wp-content\/uploads\/2024\/12\/W2A5293v.jpg","width":1613,"height":1075},{"@type":"BreadcrumbList","@id":"https:\/\/www.saaremaazoo.ee\/en\/toode\/linnuala-ehk-pardiaed\/#breadcrumb","itemListElement":[{"@type":"ListItem","position":1,"name":"Home","item":"https:\/\/www.saaremaazoo.ee\/en\/"},{"@type":"ListItem","position":2,"name":"Pood","item":"https:\/\/saaremaazoo.ee\/en\/shop\/"},{"@type":"ListItem","position":3,"name":"Linnuala ehk pardiaed."}]},{"@type":"WebSite","@id":"https:\/\/www.saaremaazoo.ee\/en\/#website","url":"https:\/\/www.saaremaazoo.ee\/en\/","name":"Saaremaa Zoo","description":"Saaremaa esimene Loomaaed","publisher":{"@id":"https:\/\/www.saaremaazoo.ee\/en\/#organization"},"potentialAction":[{"@type":"SearchAction","target":{"@type":"EntryPoint","urlTemplate":"https:\/\/www.saaremaazoo.ee\/en\/?s={search_term_string}"},"query-input":{"@type":"PropertyValueSpecification","valueRequired":true,"valueName":"search_term_string"}}],"inLanguage":"en-US"},{"@type":"Organization","@id":"https:\/\/www.saaremaazoo.ee\/en\/#organization","name":"Saaremaa Loomaaed","alternateName":"Saaremaa Zoo","url":"https:\/\/www.saaremaazoo.ee\/en\/","logo":{"@type":"ImageObject","inLanguage":"en-US","@id":"https:\/\/www.saaremaazoo.ee\/en\/#\/schema\/logo\/image\/","url":"https:\/\/www.saaremaazoo.ee\/wp-content\/uploads\/2024\/12\/cropped-cropped-saaremaazoo_magnet_leemur__1__page-0001-removebg-preview.png","contentUrl":"https:\/\/www.saaremaazoo.ee\/wp-content\/uploads\/2024\/12\/cropped-cropped-saaremaazoo_magnet_leemur__1__page-0001-removebg-preview.png","width":467,"height":325,"caption":"Saaremaa Loomaaed"},"image":{"@id":"https:\/\/www.saaremaazoo.ee\/en\/#\/schema\/logo\/image\/"},"sameAs":["https:\/\/www.facebook.com\/saaremaazoo","https:\/\/www.instagram.com\/saaremaazoo\/"]}]}},"jetpack_sharing_enabled":true,"_links":{"self":[{"href":"https:\/\/www.saaremaazoo.ee\/en\/wp-json\/wp\/v2\/product\/56811","targetHints":{"allow":["GET"]}}],"collection":[{"href":"https:\/\/www.saaremaazoo.ee\/en\/wp-json\/wp\/v2\/product"}],"about":[{"href":"https:\/\/www.saaremaazoo.ee\/en\/wp-json\/wp\/v2\/types\/product"}],"replies":[{"embeddable":true,"href":"https:\/\/www.saaremaazoo.ee\/en\/wp-json\/wp\/v2\/comments?post=56811"}],"wp:featuredmedia":[{"embeddable":true,"href":"https:\/\/www.saaremaazoo.ee\/en\/wp-json\/wp\/v2\/media\/56932"}],"wp:attachment":[{"href":"https:\/\/www.saaremaazoo.ee\/en\/wp-json\/wp\/v2\/media?parent=56811"}],"wp:term":[{"taxonomy":"product_brand","embeddable":true,"href":"https:\/\/www.saaremaazoo.ee\/en\/wp-json\/wp\/v2\/product_brand?post=56811"},{"taxonomy":"product_cat","embeddable":true,"href":"https:\/\/www.saaremaazoo.ee\/en\/wp-json\/wp\/v2\/product_cat?post=56811"},{"taxonomy":"product_tag","embeddable":true,"href":"https:\/\/www.saaremaazoo.ee\/en\/wp-json\/wp\/v2\/product_tag?post=56811"}],"curies":[{"name":"wp","href":"https:\/\/api.w.org\/{rel}","templated":true}]}}