{"id":56999,"date":"2024-12-08T15:20:21","date_gmt":"2024-12-08T15:20:21","guid":{"rendered":"http:\/\/saaremaazoo.ee\/?post_type=product&#038;p=56999"},"modified":"2026-04-08T13:13:59","modified_gmt":"2026-04-08T13:13:59","slug":"kruus-papagoidega","status":"publish","type":"product","link":"https:\/\/www.saaremaazoo.ee\/en\/toode\/kruus-papagoidega\/","title":{"rendered":"Kruus papagoidega"},"content":{"rendered":"<p>Osta Saaremaa loomaaia unikaalne ja praktiline keraamiline kruus \u2013 t\u00e4iuslik suveniir Saaremaa loomaaia k\u00fclastusest ning suurep\u00e4rane kingitus loomas\u00f5pradele ja loodushuvilistele. See eksklusiivne kruus on valmistatud k\u00f5rgekvaliteedilisest keraamikast, pakkudes vastupidavust ja mugavust igap\u00e4evaseks kasutamiseks. Kruus on ideaalne kohvi, tee ja teiste kuumade jookide nautimiseks ning on masinpestav ja mikrolaineahjus kasutatav, tagades lihtsa hoolduse ja pika eluea.<\/p>\n<p>Selle kruusi disain on inspireeritud Saaremaa loomaaia mitmekesisest loomastikust, tuues esile erilisi ja armsaid loomi, kes on k\u00fclastajate lemmikud. Iga lonks sellest kruusist tuletab meelde meeldej\u00e4\u00e4vat p\u00e4eva Saaremaa loomaaias.\u00a0 Kruusi kunstiline kujundus muudab selle ideaalseks suveniiriks, mis kaunistab iga kodu v\u00f5i kontorit.<\/p>\n<p>Saaremaa loomaaia keraamiline kruus sobib suurep\u00e4raselt kingituseks s\u00fcnnip\u00e4evaks, j\u00f5uludeks v\u00f5i lihtsalt armsaks meelespidamiseks s\u00f5pradele ja pereliikmetele. Seda on lihtne kombineerida teiste loomaaia toodetega, n\u00e4iteks t-s\u00e4rkide v\u00f5i muu suveniiriga, luues tervikliku ja meeldej\u00e4\u00e4va kingipaki. Valides selle kruusi, toetad Saaremaa loomaaia tegevust ja kohaliku loodusp\u00e4randi hoidmist, aidates kaasa loomade heaolule ja looduskaitsele.<\/p>\n","protected":false},"excerpt":{"rendered":"<p>Osta Saaremaa loomaaia unikaalne ja praktiline keraamiline kruus \u2013 t\u00e4iuslik suveniir Saaremaa loomaaia k\u00fclastusest ning suurep\u00e4rane kingitus loomas\u00f5pradele ja loodushuvilistele. See eksklusiivne kruus on valmistatud k\u00f5rgekvaliteedilisest keraamikast, pakkudes vastupidavust ja&hellip;<\/p>\n","protected":false},"featured_media":57035,"comment_status":"open","ping_status":"closed","template":"","meta":{"_acf_changed":false},"product_brand":[],"product_cat":[279,283],"product_tag":[],"class_list":{"0":"post-56999","1":"product","2":"type-product","3":"status-publish","4":"has-post-thumbnail","6":"product_cat-kingitused","7":"product_cat-saaremaa-loomaaia-lauanoud","9":"first","10":"outofstock","11":"shipping-taxable","12":"purchasable","13":"product-type-simple"},"acf":[],"yoast_head":"<!-- This site is optimized with the Yoast SEO plugin v27.3 - https:\/\/yoast.com\/product\/yoast-seo-wordpress\/ -->\n<title>Saaremaa Loomaaia Kruus papagoidega ega - Saaremaa Zoo<\/title>\n<meta name=\"description\" content=\"Osta Saaremaa loomaaia eksklusiivne keraamiline kruus \u2013 ideaalne suveniir ja praktiline kingitus loomas\u00f5pradele. Valmistatud kvaliteetsest materjalist.\" \/>\n<meta name=\"robots\" content=\"index, follow, max-snippet:-1, max-image-preview:large, max-video-preview:-1\" \/>\n<link rel=\"canonical\" href=\"https:\/\/www.saaremaazoo.ee\/en\/toode\/kruus-papagoidega\/\" \/>\n<meta property=\"og:locale\" content=\"en_US\" \/>\n<meta property=\"og:type\" content=\"article\" \/>\n<meta property=\"og:title\" content=\"Saaremaa Loomaaia Kruus papagoidega ega - Saaremaa Zoo\" \/>\n<meta property=\"og:description\" content=\"Osta Saaremaa loomaaia eksklusiivne keraamiline kruus \u2013 ideaalne suveniir ja praktiline kingitus loomas\u00f5pradele. Valmistatud kvaliteetsest materjalist.\" \/>\n<meta property=\"og:url\" content=\"https:\/\/www.saaremaazoo.ee\/en\/toode\/kruus-papagoidega\/\" \/>\n<meta property=\"og:site_name\" content=\"Saaremaa Zoo\" \/>\n<meta property=\"article:publisher\" content=\"https:\/\/www.facebook.com\/saaremaazoo\" \/>\n<meta property=\"article:modified_time\" content=\"2026-04-08T13:13:59+00:00\" \/>\n<meta property=\"og:image\" content=\"https:\/\/saaremaazoo.ee\/wp-content\/uploads\/2024\/12\/20913.jpg\" \/>\n\t<meta property=\"og:image:width\" content=\"591\" \/>\n\t<meta property=\"og:image:height\" content=\"591\" \/>\n\t<meta property=\"og:image:type\" content=\"image\/jpeg\" \/>\n<meta name=\"twitter:card\" content=\"summary_large_image\" \/>\n<meta name=\"twitter:label1\" content=\"Est. reading time\" \/>\n\t<meta name=\"twitter:data1\" content=\"1 minute\" \/>\n<script type=\"application\/ld+json\" class=\"yoast-schema-graph\">{\"@context\":\"https:\\\/\\\/schema.org\",\"@graph\":[{\"@type\":\"WebPage\",\"@id\":\"https:\\\/\\\/www.saaremaazoo.ee\\\/en\\\/toode\\\/kruus-papagoidega\\\/\",\"url\":\"https:\\\/\\\/www.saaremaazoo.ee\\\/en\\\/toode\\\/kruus-papagoidega\\\/\",\"name\":\"Saaremaa Loomaaia Kruus papagoidega ega - Saaremaa Zoo\",\"isPartOf\":{\"@id\":\"https:\\\/\\\/saaremaazoo.ee\\\/en\\\/#website\"},\"primaryImageOfPage\":{\"@id\":\"https:\\\/\\\/www.saaremaazoo.ee\\\/en\\\/toode\\\/kruus-papagoidega\\\/#primaryimage\"},\"image\":{\"@id\":\"https:\\\/\\\/www.saaremaazoo.ee\\\/en\\\/toode\\\/kruus-papagoidega\\\/#primaryimage\"},\"thumbnailUrl\":\"https:\\\/\\\/saaremaazoo.ee\\\/wp-content\\\/uploads\\\/2024\\\/12\\\/20913.jpg\",\"datePublished\":\"2024-12-08T15:20:21+00:00\",\"dateModified\":\"2026-04-08T13:13:59+00:00\",\"description\":\"Osta Saaremaa loomaaia eksklusiivne keraamiline kruus \u2013 ideaalne suveniir ja praktiline kingitus loomas\u00f5pradele. Valmistatud kvaliteetsest materjalist.\",\"breadcrumb\":{\"@id\":\"https:\\\/\\\/www.saaremaazoo.ee\\\/en\\\/toode\\\/kruus-papagoidega\\\/#breadcrumb\"},\"inLanguage\":\"en-US\",\"potentialAction\":[{\"@type\":\"ReadAction\",\"target\":[\"https:\\\/\\\/www.saaremaazoo.ee\\\/en\\\/toode\\\/kruus-papagoidega\\\/\"]}]},{\"@type\":\"ImageObject\",\"inLanguage\":\"en-US\",\"@id\":\"https:\\\/\\\/www.saaremaazoo.ee\\\/en\\\/toode\\\/kruus-papagoidega\\\/#primaryimage\",\"url\":\"https:\\\/\\\/saaremaazoo.ee\\\/wp-content\\\/uploads\\\/2024\\\/12\\\/20913.jpg\",\"contentUrl\":\"https:\\\/\\\/saaremaazoo.ee\\\/wp-content\\\/uploads\\\/2024\\\/12\\\/20913.jpg\",\"width\":591,\"height\":591},{\"@type\":\"BreadcrumbList\",\"@id\":\"https:\\\/\\\/www.saaremaazoo.ee\\\/en\\\/toode\\\/kruus-papagoidega\\\/#breadcrumb\",\"itemListElement\":[{\"@type\":\"ListItem\",\"position\":1,\"name\":\"Home\",\"item\":\"https:\\\/\\\/saaremaazoo.ee\\\/en\\\/\"},{\"@type\":\"ListItem\",\"position\":2,\"name\":\"Pood\",\"item\":\"https:\\\/\\\/saaremaazoo.ee\\\/en\\\/shop\\\/\"},{\"@type\":\"ListItem\",\"position\":3,\"name\":\"Kruus papagoidega\"}]},{\"@type\":\"WebSite\",\"@id\":\"https:\\\/\\\/saaremaazoo.ee\\\/en\\\/#website\",\"url\":\"https:\\\/\\\/saaremaazoo.ee\\\/en\\\/\",\"name\":\"Saaremaa Zoo\",\"description\":\"Saaremaa esimene Loomaaed\",\"publisher\":{\"@id\":\"https:\\\/\\\/saaremaazoo.ee\\\/en\\\/#organization\"},\"potentialAction\":[{\"@type\":\"SearchAction\",\"target\":{\"@type\":\"EntryPoint\",\"urlTemplate\":\"https:\\\/\\\/saaremaazoo.ee\\\/en\\\/?s={search_term_string}\"},\"query-input\":{\"@type\":\"PropertyValueSpecification\",\"valueRequired\":true,\"valueName\":\"search_term_string\"}}],\"inLanguage\":\"en-US\"},{\"@type\":\"Organization\",\"@id\":\"https:\\\/\\\/saaremaazoo.ee\\\/en\\\/#organization\",\"name\":\"Saaremaa Loomaaed\",\"alternateName\":\"Saaremaa Zoo\",\"url\":\"https:\\\/\\\/saaremaazoo.ee\\\/en\\\/\",\"logo\":{\"@type\":\"ImageObject\",\"inLanguage\":\"en-US\",\"@id\":\"https:\\\/\\\/saaremaazoo.ee\\\/en\\\/#\\\/schema\\\/logo\\\/image\\\/\",\"url\":\"https:\\\/\\\/saaremaazoo.ee\\\/wp-content\\\/uploads\\\/2024\\\/12\\\/cropped-cropped-saaremaazoo_magnet_leemur__1__page-0001-removebg-preview.png\",\"contentUrl\":\"https:\\\/\\\/saaremaazoo.ee\\\/wp-content\\\/uploads\\\/2024\\\/12\\\/cropped-cropped-saaremaazoo_magnet_leemur__1__page-0001-removebg-preview.png\",\"width\":467,\"height\":325,\"caption\":\"Saaremaa Loomaaed\"},\"image\":{\"@id\":\"https:\\\/\\\/saaremaazoo.ee\\\/en\\\/#\\\/schema\\\/logo\\\/image\\\/\"},\"sameAs\":[\"https:\\\/\\\/www.facebook.com\\\/saaremaazoo\",\"https:\\\/\\\/www.instagram.com\\\/saaremaazoo\\\/\"]}]}<\/script>\n<!-- \/ Yoast SEO plugin. -->","yoast_head_json":{"title":"Saaremaa Loomaaia Kruus papagoidega ega - Saaremaa Zoo","description":"Osta Saaremaa loomaaia eksklusiivne keraamiline kruus \u2013 ideaalne suveniir ja praktiline kingitus loomas\u00f5pradele. Valmistatud kvaliteetsest materjalist.","robots":{"index":"index","follow":"follow","max-snippet":"max-snippet:-1","max-image-preview":"max-image-preview:large","max-video-preview":"max-video-preview:-1"},"canonical":"https:\/\/www.saaremaazoo.ee\/en\/toode\/kruus-papagoidega\/","og_locale":"en_US","og_type":"article","og_title":"Saaremaa Loomaaia Kruus papagoidega ega - Saaremaa Zoo","og_description":"Osta Saaremaa loomaaia eksklusiivne keraamiline kruus \u2013 ideaalne suveniir ja praktiline kingitus loomas\u00f5pradele. Valmistatud kvaliteetsest materjalist.","og_url":"https:\/\/www.saaremaazoo.ee\/en\/toode\/kruus-papagoidega\/","og_site_name":"Saaremaa Zoo","article_publisher":"https:\/\/www.facebook.com\/saaremaazoo","article_modified_time":"2026-04-08T13:13:59+00:00","og_image":[{"width":591,"height":591,"url":"https:\/\/saaremaazoo.ee\/wp-content\/uploads\/2024\/12\/20913.jpg","type":"image\/jpeg"}],"twitter_card":"summary_large_image","twitter_misc":{"Est. reading time":"1 minute"},"schema":{"@context":"https:\/\/schema.org","@graph":[{"@type":"WebPage","@id":"https:\/\/www.saaremaazoo.ee\/en\/toode\/kruus-papagoidega\/","url":"https:\/\/www.saaremaazoo.ee\/en\/toode\/kruus-papagoidega\/","name":"Saaremaa Loomaaia Kruus papagoidega ega - Saaremaa Zoo","isPartOf":{"@id":"https:\/\/saaremaazoo.ee\/en\/#website"},"primaryImageOfPage":{"@id":"https:\/\/www.saaremaazoo.ee\/en\/toode\/kruus-papagoidega\/#primaryimage"},"image":{"@id":"https:\/\/www.saaremaazoo.ee\/en\/toode\/kruus-papagoidega\/#primaryimage"},"thumbnailUrl":"https:\/\/saaremaazoo.ee\/wp-content\/uploads\/2024\/12\/20913.jpg","datePublished":"2024-12-08T15:20:21+00:00","dateModified":"2026-04-08T13:13:59+00:00","description":"Osta Saaremaa loomaaia eksklusiivne keraamiline kruus \u2013 ideaalne suveniir ja praktiline kingitus loomas\u00f5pradele. Valmistatud kvaliteetsest materjalist.","breadcrumb":{"@id":"https:\/\/www.saaremaazoo.ee\/en\/toode\/kruus-papagoidega\/#breadcrumb"},"inLanguage":"en-US","potentialAction":[{"@type":"ReadAction","target":["https:\/\/www.saaremaazoo.ee\/en\/toode\/kruus-papagoidega\/"]}]},{"@type":"ImageObject","inLanguage":"en-US","@id":"https:\/\/www.saaremaazoo.ee\/en\/toode\/kruus-papagoidega\/#primaryimage","url":"https:\/\/saaremaazoo.ee\/wp-content\/uploads\/2024\/12\/20913.jpg","contentUrl":"https:\/\/saaremaazoo.ee\/wp-content\/uploads\/2024\/12\/20913.jpg","width":591,"height":591},{"@type":"BreadcrumbList","@id":"https:\/\/www.saaremaazoo.ee\/en\/toode\/kruus-papagoidega\/#breadcrumb","itemListElement":[{"@type":"ListItem","position":1,"name":"Home","item":"https:\/\/saaremaazoo.ee\/en\/"},{"@type":"ListItem","position":2,"name":"Pood","item":"https:\/\/saaremaazoo.ee\/en\/shop\/"},{"@type":"ListItem","position":3,"name":"Kruus papagoidega"}]},{"@type":"WebSite","@id":"https:\/\/saaremaazoo.ee\/en\/#website","url":"https:\/\/saaremaazoo.ee\/en\/","name":"Saaremaa Zoo","description":"Saaremaa esimene Loomaaed","publisher":{"@id":"https:\/\/saaremaazoo.ee\/en\/#organization"},"potentialAction":[{"@type":"SearchAction","target":{"@type":"EntryPoint","urlTemplate":"https:\/\/saaremaazoo.ee\/en\/?s={search_term_string}"},"query-input":{"@type":"PropertyValueSpecification","valueRequired":true,"valueName":"search_term_string"}}],"inLanguage":"en-US"},{"@type":"Organization","@id":"https:\/\/saaremaazoo.ee\/en\/#organization","name":"Saaremaa Loomaaed","alternateName":"Saaremaa Zoo","url":"https:\/\/saaremaazoo.ee\/en\/","logo":{"@type":"ImageObject","inLanguage":"en-US","@id":"https:\/\/saaremaazoo.ee\/en\/#\/schema\/logo\/image\/","url":"https:\/\/saaremaazoo.ee\/wp-content\/uploads\/2024\/12\/cropped-cropped-saaremaazoo_magnet_leemur__1__page-0001-removebg-preview.png","contentUrl":"https:\/\/saaremaazoo.ee\/wp-content\/uploads\/2024\/12\/cropped-cropped-saaremaazoo_magnet_leemur__1__page-0001-removebg-preview.png","width":467,"height":325,"caption":"Saaremaa Loomaaed"},"image":{"@id":"https:\/\/saaremaazoo.ee\/en\/#\/schema\/logo\/image\/"},"sameAs":["https:\/\/www.facebook.com\/saaremaazoo","https:\/\/www.instagram.com\/saaremaazoo\/"]}]}},"jetpack_sharing_enabled":true,"_links":{"self":[{"href":"https:\/\/www.saaremaazoo.ee\/en\/wp-json\/wp\/v2\/product\/56999","targetHints":{"allow":["GET"]}}],"collection":[{"href":"https:\/\/www.saaremaazoo.ee\/en\/wp-json\/wp\/v2\/product"}],"about":[{"href":"https:\/\/www.saaremaazoo.ee\/en\/wp-json\/wp\/v2\/types\/product"}],"replies":[{"embeddable":true,"href":"https:\/\/www.saaremaazoo.ee\/en\/wp-json\/wp\/v2\/comments?post=56999"}],"wp:featuredmedia":[{"embeddable":true,"href":"https:\/\/www.saaremaazoo.ee\/en\/wp-json\/wp\/v2\/media\/57035"}],"wp:attachment":[{"href":"https:\/\/www.saaremaazoo.ee\/en\/wp-json\/wp\/v2\/media?parent=56999"}],"wp:term":[{"taxonomy":"product_brand","embeddable":true,"href":"https:\/\/www.saaremaazoo.ee\/en\/wp-json\/wp\/v2\/product_brand?post=56999"},{"taxonomy":"product_cat","embeddable":true,"href":"https:\/\/www.saaremaazoo.ee\/en\/wp-json\/wp\/v2\/product_cat?post=56999"},{"taxonomy":"product_tag","embeddable":true,"href":"https:\/\/www.saaremaazoo.ee\/en\/wp-json\/wp\/v2\/product_tag?post=56999"}],"curies":[{"name":"wp","href":"https:\/\/api.w.org\/{rel}","templated":true}]}}