{"id":58707,"date":"2025-10-02T08:54:32","date_gmt":"2025-10-02T08:54:32","guid":{"rendered":"https:\/\/saaremaazoo.ee\/?post_type=product&#038;p=58707"},"modified":"2025-12-17T16:30:07","modified_gmt":"2025-12-17T16:30:07","slug":"saaremaa-zoo-kasitoo-kuunal-lavendel","status":"publish","type":"product","link":"https:\/\/www.saaremaazoo.ee\/en\/toode\/saaremaa-zoo-kasitoo-kuunal-lavendel\/","title":{"rendered":"Saaremaa Zoo k\u00e4sit\u00f6\u00f6 k\u00fc\u00fcnal Lavendel"},"content":{"rendered":"<p>Saaremaa Zoo k\u00e4sit\u00f6\u00f6 k\u00fc\u00fcnal, valmistatud Eesti valguses. Lilla v\u00e4rv toob ruumi rahu ja s\u00fcgavust, sobides ideaalselt l\u00f5\u00f5gastavaks \u00f5htuks. K\u00fc\u00fcnalt kaunistab r\u00f5ngassaba-leemuri illustratsioon, eriline element igas kodus. Ideaalne kingitus.<\/p>\n","protected":false},"excerpt":{"rendered":"<p>Saaremaa Zoo k\u00e4sit\u00f6\u00f6 k\u00fc\u00fcnal, valmistatud Eesti valguses. Lilla v\u00e4rv toob ruumi rahu ja s\u00fcgavust, sobides ideaalselt l\u00f5\u00f5gastavaks \u00f5htuks. K\u00fc\u00fcnalt kaunistab r\u00f5ngassaba-leemuri illustratsioon, eriline element igas kodus. Ideaalne kingitus.<\/p>\n","protected":false},"featured_media":58708,"comment_status":"open","ping_status":"closed","template":"","meta":{"_acf_changed":false},"product_brand":[],"product_cat":[279],"product_tag":[],"class_list":{"0":"post-58707","1":"product","2":"type-product","3":"status-publish","4":"has-post-thumbnail","6":"product_cat-kingitused","8":"first","9":"instock","10":"shipping-taxable","11":"purchasable","12":"product-type-simple"},"acf":[],"yoast_head":"<!-- This site is optimized with the Yoast SEO plugin v27.3 - https:\/\/yoast.com\/product\/yoast-seo-wordpress\/ -->\n<title>Saaremaa Zoo k\u00e4sit\u00f6\u00f6 k\u00fc\u00fcnal Lavendel - Saaremaa Zoo<\/title>\n<meta name=\"description\" content=\"Saaremaa Zoo lilla k\u00e4sit\u00f6\u00f6 k\u00fc\u00fcnal, toodetud Eesti valguses, r\u00f5ngassaba-leemuri kujundusega. Too oma koju rahulik ja hubane meeleolu.\" \/>\n<meta name=\"robots\" content=\"index, follow, max-snippet:-1, max-image-preview:large, max-video-preview:-1\" \/>\n<link rel=\"canonical\" href=\"https:\/\/www.saaremaazoo.ee\/en\/toode\/saaremaa-zoo-kasitoo-kuunal-lavendel\/\" \/>\n<meta property=\"og:locale\" content=\"en_US\" \/>\n<meta property=\"og:type\" content=\"article\" \/>\n<meta property=\"og:title\" content=\"Saaremaa Zoo k\u00e4sit\u00f6\u00f6 k\u00fc\u00fcnal Lavendel - Saaremaa Zoo\" \/>\n<meta property=\"og:description\" content=\"Saaremaa Zoo lilla k\u00e4sit\u00f6\u00f6 k\u00fc\u00fcnal, toodetud Eesti valguses, r\u00f5ngassaba-leemuri kujundusega. Too oma koju rahulik ja hubane meeleolu.\" \/>\n<meta property=\"og:url\" content=\"https:\/\/www.saaremaazoo.ee\/en\/toode\/saaremaa-zoo-kasitoo-kuunal-lavendel\/\" \/>\n<meta property=\"og:site_name\" content=\"Saaremaa Zoo\" \/>\n<meta property=\"article:publisher\" content=\"https:\/\/www.facebook.com\/saaremaazoo\" \/>\n<meta property=\"article:modified_time\" content=\"2025-12-17T16:30:07+00:00\" \/>\n<meta property=\"og:image\" content=\"https:\/\/www.saaremaazoo.ee\/wp-content\/uploads\/2025\/10\/20251002_110806-scaled.jpg\" \/>\n\t<meta property=\"og:image:width\" content=\"1920\" \/>\n\t<meta property=\"og:image:height\" content=\"2560\" \/>\n\t<meta property=\"og:image:type\" content=\"image\/jpeg\" \/>\n<meta name=\"twitter:card\" content=\"summary_large_image\" \/>\n<meta name=\"twitter:label1\" content=\"Est. reading time\" \/>\n\t<meta name=\"twitter:data1\" content=\"1 minute\" \/>\n<script type=\"application\/ld+json\" class=\"yoast-schema-graph\">{\"@context\":\"https:\\\/\\\/schema.org\",\"@graph\":[{\"@type\":\"WebPage\",\"@id\":\"https:\\\/\\\/www.saaremaazoo.ee\\\/en\\\/toode\\\/saaremaa-zoo-kasitoo-kuunal-lavendel\\\/\",\"url\":\"https:\\\/\\\/www.saaremaazoo.ee\\\/en\\\/toode\\\/saaremaa-zoo-kasitoo-kuunal-lavendel\\\/\",\"name\":\"Saaremaa Zoo k\u00e4sit\u00f6\u00f6 k\u00fc\u00fcnal Lavendel - Saaremaa Zoo\",\"isPartOf\":{\"@id\":\"https:\\\/\\\/www.saaremaazoo.ee\\\/en\\\/#website\"},\"primaryImageOfPage\":{\"@id\":\"https:\\\/\\\/www.saaremaazoo.ee\\\/en\\\/toode\\\/saaremaa-zoo-kasitoo-kuunal-lavendel\\\/#primaryimage\"},\"image\":{\"@id\":\"https:\\\/\\\/www.saaremaazoo.ee\\\/en\\\/toode\\\/saaremaa-zoo-kasitoo-kuunal-lavendel\\\/#primaryimage\"},\"thumbnailUrl\":\"https:\\\/\\\/www.saaremaazoo.ee\\\/wp-content\\\/uploads\\\/2025\\\/10\\\/20251002_110806-scaled.jpg\",\"datePublished\":\"2025-10-02T08:54:32+00:00\",\"dateModified\":\"2025-12-17T16:30:07+00:00\",\"description\":\"Saaremaa Zoo lilla k\u00e4sit\u00f6\u00f6 k\u00fc\u00fcnal, toodetud Eesti valguses, r\u00f5ngassaba-leemuri kujundusega. Too oma koju rahulik ja hubane meeleolu.\",\"breadcrumb\":{\"@id\":\"https:\\\/\\\/www.saaremaazoo.ee\\\/en\\\/toode\\\/saaremaa-zoo-kasitoo-kuunal-lavendel\\\/#breadcrumb\"},\"inLanguage\":\"en-US\",\"potentialAction\":[{\"@type\":\"ReadAction\",\"target\":[\"https:\\\/\\\/www.saaremaazoo.ee\\\/en\\\/toode\\\/saaremaa-zoo-kasitoo-kuunal-lavendel\\\/\"]}]},{\"@type\":\"ImageObject\",\"inLanguage\":\"en-US\",\"@id\":\"https:\\\/\\\/www.saaremaazoo.ee\\\/en\\\/toode\\\/saaremaa-zoo-kasitoo-kuunal-lavendel\\\/#primaryimage\",\"url\":\"https:\\\/\\\/www.saaremaazoo.ee\\\/wp-content\\\/uploads\\\/2025\\\/10\\\/20251002_110806-scaled.jpg\",\"contentUrl\":\"https:\\\/\\\/www.saaremaazoo.ee\\\/wp-content\\\/uploads\\\/2025\\\/10\\\/20251002_110806-scaled.jpg\",\"width\":1920,\"height\":2560},{\"@type\":\"BreadcrumbList\",\"@id\":\"https:\\\/\\\/www.saaremaazoo.ee\\\/en\\\/toode\\\/saaremaa-zoo-kasitoo-kuunal-lavendel\\\/#breadcrumb\",\"itemListElement\":[{\"@type\":\"ListItem\",\"position\":1,\"name\":\"Home\",\"item\":\"https:\\\/\\\/saaremaazoo.ee\\\/en\\\/\"},{\"@type\":\"ListItem\",\"position\":2,\"name\":\"Pood\",\"item\":\"https:\\\/\\\/www.saaremaazoo.ee\\\/pood\\\/\"},{\"@type\":\"ListItem\",\"position\":3,\"name\":\"Saaremaa Zoo k\u00e4sit\u00f6\u00f6 k\u00fc\u00fcnal Lavendel\"}]},{\"@type\":\"WebSite\",\"@id\":\"https:\\\/\\\/www.saaremaazoo.ee\\\/en\\\/#website\",\"url\":\"https:\\\/\\\/www.saaremaazoo.ee\\\/en\\\/\",\"name\":\"Saaremaa Zoo\",\"description\":\"Saaremaa esimene Loomaaed\",\"publisher\":{\"@id\":\"https:\\\/\\\/www.saaremaazoo.ee\\\/en\\\/#organization\"},\"potentialAction\":[{\"@type\":\"SearchAction\",\"target\":{\"@type\":\"EntryPoint\",\"urlTemplate\":\"https:\\\/\\\/www.saaremaazoo.ee\\\/en\\\/?s={search_term_string}\"},\"query-input\":{\"@type\":\"PropertyValueSpecification\",\"valueRequired\":true,\"valueName\":\"search_term_string\"}}],\"inLanguage\":\"en-US\"},{\"@type\":\"Organization\",\"@id\":\"https:\\\/\\\/www.saaremaazoo.ee\\\/en\\\/#organization\",\"name\":\"Saaremaa Loomaaed\",\"alternateName\":\"Saaremaa Zoo\",\"url\":\"https:\\\/\\\/www.saaremaazoo.ee\\\/en\\\/\",\"logo\":{\"@type\":\"ImageObject\",\"inLanguage\":\"en-US\",\"@id\":\"https:\\\/\\\/www.saaremaazoo.ee\\\/en\\\/#\\\/schema\\\/logo\\\/image\\\/\",\"url\":\"https:\\\/\\\/www.saaremaazoo.ee\\\/wp-content\\\/uploads\\\/2024\\\/12\\\/cropped-cropped-saaremaazoo_magnet_leemur__1__page-0001-removebg-preview.png\",\"contentUrl\":\"https:\\\/\\\/www.saaremaazoo.ee\\\/wp-content\\\/uploads\\\/2024\\\/12\\\/cropped-cropped-saaremaazoo_magnet_leemur__1__page-0001-removebg-preview.png\",\"width\":467,\"height\":325,\"caption\":\"Saaremaa Loomaaed\"},\"image\":{\"@id\":\"https:\\\/\\\/www.saaremaazoo.ee\\\/en\\\/#\\\/schema\\\/logo\\\/image\\\/\"},\"sameAs\":[\"https:\\\/\\\/www.facebook.com\\\/saaremaazoo\",\"https:\\\/\\\/www.instagram.com\\\/saaremaazoo\\\/\"]}]}<\/script>\n<!-- \/ Yoast SEO plugin. -->","yoast_head_json":{"title":"Saaremaa Zoo k\u00e4sit\u00f6\u00f6 k\u00fc\u00fcnal Lavendel - Saaremaa Zoo","description":"Saaremaa Zoo lilla k\u00e4sit\u00f6\u00f6 k\u00fc\u00fcnal, toodetud Eesti valguses, r\u00f5ngassaba-leemuri kujundusega. Too oma koju rahulik ja hubane meeleolu.","robots":{"index":"index","follow":"follow","max-snippet":"max-snippet:-1","max-image-preview":"max-image-preview:large","max-video-preview":"max-video-preview:-1"},"canonical":"https:\/\/www.saaremaazoo.ee\/en\/toode\/saaremaa-zoo-kasitoo-kuunal-lavendel\/","og_locale":"en_US","og_type":"article","og_title":"Saaremaa Zoo k\u00e4sit\u00f6\u00f6 k\u00fc\u00fcnal Lavendel - Saaremaa Zoo","og_description":"Saaremaa Zoo lilla k\u00e4sit\u00f6\u00f6 k\u00fc\u00fcnal, toodetud Eesti valguses, r\u00f5ngassaba-leemuri kujundusega. Too oma koju rahulik ja hubane meeleolu.","og_url":"https:\/\/www.saaremaazoo.ee\/en\/toode\/saaremaa-zoo-kasitoo-kuunal-lavendel\/","og_site_name":"Saaremaa Zoo","article_publisher":"https:\/\/www.facebook.com\/saaremaazoo","article_modified_time":"2025-12-17T16:30:07+00:00","og_image":[{"width":1920,"height":2560,"url":"https:\/\/www.saaremaazoo.ee\/wp-content\/uploads\/2025\/10\/20251002_110806-scaled.jpg","type":"image\/jpeg"}],"twitter_card":"summary_large_image","twitter_misc":{"Est. reading time":"1 minute"},"schema":{"@context":"https:\/\/schema.org","@graph":[{"@type":"WebPage","@id":"https:\/\/www.saaremaazoo.ee\/en\/toode\/saaremaa-zoo-kasitoo-kuunal-lavendel\/","url":"https:\/\/www.saaremaazoo.ee\/en\/toode\/saaremaa-zoo-kasitoo-kuunal-lavendel\/","name":"Saaremaa Zoo k\u00e4sit\u00f6\u00f6 k\u00fc\u00fcnal Lavendel - Saaremaa Zoo","isPartOf":{"@id":"https:\/\/www.saaremaazoo.ee\/en\/#website"},"primaryImageOfPage":{"@id":"https:\/\/www.saaremaazoo.ee\/en\/toode\/saaremaa-zoo-kasitoo-kuunal-lavendel\/#primaryimage"},"image":{"@id":"https:\/\/www.saaremaazoo.ee\/en\/toode\/saaremaa-zoo-kasitoo-kuunal-lavendel\/#primaryimage"},"thumbnailUrl":"https:\/\/www.saaremaazoo.ee\/wp-content\/uploads\/2025\/10\/20251002_110806-scaled.jpg","datePublished":"2025-10-02T08:54:32+00:00","dateModified":"2025-12-17T16:30:07+00:00","description":"Saaremaa Zoo lilla k\u00e4sit\u00f6\u00f6 k\u00fc\u00fcnal, toodetud Eesti valguses, r\u00f5ngassaba-leemuri kujundusega. Too oma koju rahulik ja hubane meeleolu.","breadcrumb":{"@id":"https:\/\/www.saaremaazoo.ee\/en\/toode\/saaremaa-zoo-kasitoo-kuunal-lavendel\/#breadcrumb"},"inLanguage":"en-US","potentialAction":[{"@type":"ReadAction","target":["https:\/\/www.saaremaazoo.ee\/en\/toode\/saaremaa-zoo-kasitoo-kuunal-lavendel\/"]}]},{"@type":"ImageObject","inLanguage":"en-US","@id":"https:\/\/www.saaremaazoo.ee\/en\/toode\/saaremaa-zoo-kasitoo-kuunal-lavendel\/#primaryimage","url":"https:\/\/www.saaremaazoo.ee\/wp-content\/uploads\/2025\/10\/20251002_110806-scaled.jpg","contentUrl":"https:\/\/www.saaremaazoo.ee\/wp-content\/uploads\/2025\/10\/20251002_110806-scaled.jpg","width":1920,"height":2560},{"@type":"BreadcrumbList","@id":"https:\/\/www.saaremaazoo.ee\/en\/toode\/saaremaa-zoo-kasitoo-kuunal-lavendel\/#breadcrumb","itemListElement":[{"@type":"ListItem","position":1,"name":"Home","item":"https:\/\/saaremaazoo.ee\/en\/"},{"@type":"ListItem","position":2,"name":"Pood","item":"https:\/\/www.saaremaazoo.ee\/pood\/"},{"@type":"ListItem","position":3,"name":"Saaremaa Zoo k\u00e4sit\u00f6\u00f6 k\u00fc\u00fcnal Lavendel"}]},{"@type":"WebSite","@id":"https:\/\/www.saaremaazoo.ee\/en\/#website","url":"https:\/\/www.saaremaazoo.ee\/en\/","name":"Saaremaa Zoo","description":"Saaremaa esimene Loomaaed","publisher":{"@id":"https:\/\/www.saaremaazoo.ee\/en\/#organization"},"potentialAction":[{"@type":"SearchAction","target":{"@type":"EntryPoint","urlTemplate":"https:\/\/www.saaremaazoo.ee\/en\/?s={search_term_string}"},"query-input":{"@type":"PropertyValueSpecification","valueRequired":true,"valueName":"search_term_string"}}],"inLanguage":"en-US"},{"@type":"Organization","@id":"https:\/\/www.saaremaazoo.ee\/en\/#organization","name":"Saaremaa Loomaaed","alternateName":"Saaremaa Zoo","url":"https:\/\/www.saaremaazoo.ee\/en\/","logo":{"@type":"ImageObject","inLanguage":"en-US","@id":"https:\/\/www.saaremaazoo.ee\/en\/#\/schema\/logo\/image\/","url":"https:\/\/www.saaremaazoo.ee\/wp-content\/uploads\/2024\/12\/cropped-cropped-saaremaazoo_magnet_leemur__1__page-0001-removebg-preview.png","contentUrl":"https:\/\/www.saaremaazoo.ee\/wp-content\/uploads\/2024\/12\/cropped-cropped-saaremaazoo_magnet_leemur__1__page-0001-removebg-preview.png","width":467,"height":325,"caption":"Saaremaa Loomaaed"},"image":{"@id":"https:\/\/www.saaremaazoo.ee\/en\/#\/schema\/logo\/image\/"},"sameAs":["https:\/\/www.facebook.com\/saaremaazoo","https:\/\/www.instagram.com\/saaremaazoo\/"]}]}},"jetpack_sharing_enabled":true,"_links":{"self":[{"href":"https:\/\/www.saaremaazoo.ee\/en\/wp-json\/wp\/v2\/product\/58707","targetHints":{"allow":["GET"]}}],"collection":[{"href":"https:\/\/www.saaremaazoo.ee\/en\/wp-json\/wp\/v2\/product"}],"about":[{"href":"https:\/\/www.saaremaazoo.ee\/en\/wp-json\/wp\/v2\/types\/product"}],"replies":[{"embeddable":true,"href":"https:\/\/www.saaremaazoo.ee\/en\/wp-json\/wp\/v2\/comments?post=58707"}],"wp:featuredmedia":[{"embeddable":true,"href":"https:\/\/www.saaremaazoo.ee\/en\/wp-json\/wp\/v2\/media\/58708"}],"wp:attachment":[{"href":"https:\/\/www.saaremaazoo.ee\/en\/wp-json\/wp\/v2\/media?parent=58707"}],"wp:term":[{"taxonomy":"product_brand","embeddable":true,"href":"https:\/\/www.saaremaazoo.ee\/en\/wp-json\/wp\/v2\/product_brand?post=58707"},{"taxonomy":"product_cat","embeddable":true,"href":"https:\/\/www.saaremaazoo.ee\/en\/wp-json\/wp\/v2\/product_cat?post=58707"},{"taxonomy":"product_tag","embeddable":true,"href":"https:\/\/www.saaremaazoo.ee\/en\/wp-json\/wp\/v2\/product_tag?post=58707"}],"curies":[{"name":"wp","href":"https:\/\/api.w.org\/{rel}","templated":true}]}}